{"id":8814,"date":"2022-04-21T10:35:48","date_gmt":"2022-04-21T08:35:48","guid":{"rendered":"https:\/\/vitaqua.es\/?page_id=8814"},"modified":"2022-04-21T10:46:02","modified_gmt":"2022-04-21T08:46:02","slug":"lignesdetraitement-epuration","status":"publish","type":"page","link":"https:\/\/vitaqua.es\/fr\/lignesdetraitement-epuration\/","title":{"rendered":"Lignes de traitement &#8211; epuration"},"content":{"rendered":"","protected":false},"excerpt":{"rendered":"","protected":false},"author":1,"featured_media":8472,"parent":0,"menu_order":2,"comment_status":"closed","ping_status":"closed","template":"","meta":{"content-type":""},"yoast_head":"<!-- This site is optimized with the Yoast SEO plugin v18.5.1 - https:\/\/yoast.com\/wordpress\/plugins\/seo\/ -->\r\n<title>Lignes de traitement - epuration - VITAQUA Tratamiento y Depuraci\u00f3n de Aguas<\/title>\r\n<meta name=\"description\" content=\"D\u00e9couvrez nos gammes de traitements de purification. Entrez et d\u00e9couvrez-les.\" \/>\r\n<meta name=\"robots\" content=\"index, follow, max-snippet:-1, max-image-preview:large, max-video-preview:-1\" \/>\r\n<link rel=\"canonical\" href=\"https:\/\/vitaqua.es\/fr\/lignesdetraitement-epuration\/\" \/>\r\n<meta property=\"og:locale\" content=\"fr_FR\" \/>\r\n<meta property=\"og:type\" content=\"article\" \/>\r\n<meta property=\"og:title\" content=\"Lignes de traitement - epuration - VITAQUA Tratamiento y Depuraci\u00f3n de Aguas\" \/>\r\n<meta property=\"og:description\" content=\"D\u00e9couvrez nos gammes de traitements de purification. Entrez et d\u00e9couvrez-les.\" \/>\r\n<meta property=\"og:url\" content=\"https:\/\/vitaqua.es\/fr\/lignesdetraitement-epuration\/\" \/>\r\n<meta property=\"og:site_name\" content=\"VITAQUA Tratamiento y Depuraci\u00f3n de Aguas\" \/>\r\n<meta property=\"article:modified_time\" content=\"2022-04-21T08:46:02+00:00\" \/>\r\n<meta property=\"og:image\" content=\"https:\/\/vitaqua.es\/wp-content\/uploads\/2021\/11\/Referencias-Llanes-7.jpg\" \/>\r\n\t<meta property=\"og:image:width\" content=\"1200\" \/>\r\n\t<meta property=\"og:image:height\" content=\"1200\" \/>\r\n\t<meta property=\"og:image:type\" content=\"image\/jpeg\" \/>\r\n<meta name=\"twitter:card\" content=\"summary_large_image\" \/>\r\n<script type=\"application\/ld+json\" class=\"yoast-schema-graph\">{\"@context\":\"https:\/\/schema.org\",\"@graph\":[{\"@type\":\"Organization\",\"@id\":\"https:\/\/vitaqua.es\/#organization\",\"name\":\"Vitaqua Tratamiento y Depuraci\u00f3n de Aguas\",\"url\":\"https:\/\/vitaqua.es\/\",\"sameAs\":[],\"logo\":{\"@type\":\"ImageObject\",\"@id\":\"https:\/\/vitaqua.es\/#logo\",\"inLanguage\":\"fr-FR\",\"url\":\"https:\/\/vitaqua.es\/wp-content\/uploads\/2017\/07\/vitaqua-logo-web.jpg\",\"contentUrl\":\"https:\/\/vitaqua.es\/wp-content\/uploads\/2017\/07\/vitaqua-logo-web.jpg\",\"width\":205,\"height\":60,\"caption\":\"Vitaqua Tratamiento y Depuraci\u00f3n de Aguas\"},\"image\":{\"@id\":\"https:\/\/vitaqua.es\/#logo\"}},{\"@type\":\"WebSite\",\"@id\":\"https:\/\/vitaqua.es\/#website\",\"url\":\"https:\/\/vitaqua.es\/\",\"name\":\"VITAQUA Tratamiento y Depuraci\u00f3n de Aguas\",\"description\":\"VITAQUA\",\"publisher\":{\"@id\":\"https:\/\/vitaqua.es\/#organization\"},\"potentialAction\":[{\"@type\":\"SearchAction\",\"target\":{\"@type\":\"EntryPoint\",\"urlTemplate\":\"https:\/\/vitaqua.es\/?s={search_term_string}\"},\"query-input\":\"required name=search_term_string\"}],\"inLanguage\":\"fr-FR\"},{\"@type\":\"ImageObject\",\"@id\":\"https:\/\/vitaqua.es\/fr\/lignesdetraitement-epuration\/#primaryimage\",\"inLanguage\":\"fr-FR\",\"url\":\"https:\/\/vitaqua.es\/wp-content\/uploads\/2021\/11\/Referencias-Llanes-7.jpg\",\"contentUrl\":\"https:\/\/vitaqua.es\/wp-content\/uploads\/2021\/11\/Referencias-Llanes-7.jpg\",\"width\":1200,\"height\":1200},{\"@type\":\"WebPage\",\"@id\":\"https:\/\/vitaqua.es\/fr\/lignesdetraitement-epuration\/#webpage\",\"url\":\"https:\/\/vitaqua.es\/fr\/lignesdetraitement-epuration\/\",\"name\":\"Lignes de traitement - epuration - VITAQUA Tratamiento y Depuraci\u00f3n de Aguas\",\"isPartOf\":{\"@id\":\"https:\/\/vitaqua.es\/#website\"},\"primaryImageOfPage\":{\"@id\":\"https:\/\/vitaqua.es\/fr\/lignesdetraitement-epuration\/#primaryimage\"},\"datePublished\":\"2022-04-21T08:35:48+00:00\",\"dateModified\":\"2022-04-21T08:46:02+00:00\",\"description\":\"D\u00e9couvrez nos gammes de traitements de purification. Entrez et d\u00e9couvrez-les.\",\"breadcrumb\":{\"@id\":\"https:\/\/vitaqua.es\/fr\/lignesdetraitement-epuration\/#breadcrumb\"},\"inLanguage\":\"fr-FR\",\"potentialAction\":[{\"@type\":\"ReadAction\",\"target\":[\"https:\/\/vitaqua.es\/fr\/lignesdetraitement-epuration\/\"]}]},{\"@type\":\"BreadcrumbList\",\"@id\":\"https:\/\/vitaqua.es\/fr\/lignesdetraitement-epuration\/#breadcrumb\",\"itemListElement\":[{\"@type\":\"ListItem\",\"position\":1,\"name\":\"Portada\",\"item\":\"https:\/\/vitaqua.es\/fr\/\"},{\"@type\":\"ListItem\",\"position\":2,\"name\":\"Lignes de traitement &#8211; epuration\"}]}]}<\/script>\r\n<!-- \/ Yoast SEO plugin. -->","yoast_head_json":{"title":"Lignes de traitement - epuration - VITAQUA Tratamiento y Depuraci\u00f3n de Aguas","description":"D\u00e9couvrez nos gammes de traitements de purification. Entrez et d\u00e9couvrez-les.","robots":{"index":"index","follow":"follow","max-snippet":"max-snippet:-1","max-image-preview":"max-image-preview:large","max-video-preview":"max-video-preview:-1"},"canonical":"https:\/\/vitaqua.es\/fr\/lignesdetraitement-epuration\/","og_locale":"fr_FR","og_type":"article","og_title":"Lignes de traitement - epuration - VITAQUA Tratamiento y Depuraci\u00f3n de Aguas","og_description":"D\u00e9couvrez nos gammes de traitements de purification. Entrez et d\u00e9couvrez-les.","og_url":"https:\/\/vitaqua.es\/fr\/lignesdetraitement-epuration\/","og_site_name":"VITAQUA Tratamiento y Depuraci\u00f3n de Aguas","article_modified_time":"2022-04-21T08:46:02+00:00","og_image":[{"width":1200,"height":1200,"url":"https:\/\/vitaqua.es\/wp-content\/uploads\/2021\/11\/Referencias-Llanes-7.jpg","type":"image\/jpeg"}],"twitter_card":"summary_large_image","schema":{"@context":"https:\/\/schema.org","@graph":[{"@type":"Organization","@id":"https:\/\/vitaqua.es\/#organization","name":"Vitaqua Tratamiento y Depuraci\u00f3n de Aguas","url":"https:\/\/vitaqua.es\/","sameAs":[],"logo":{"@type":"ImageObject","@id":"https:\/\/vitaqua.es\/#logo","inLanguage":"fr-FR","url":"https:\/\/vitaqua.es\/wp-content\/uploads\/2017\/07\/vitaqua-logo-web.jpg","contentUrl":"https:\/\/vitaqua.es\/wp-content\/uploads\/2017\/07\/vitaqua-logo-web.jpg","width":205,"height":60,"caption":"Vitaqua Tratamiento y Depuraci\u00f3n de Aguas"},"image":{"@id":"https:\/\/vitaqua.es\/#logo"}},{"@type":"WebSite","@id":"https:\/\/vitaqua.es\/#website","url":"https:\/\/vitaqua.es\/","name":"VITAQUA Tratamiento y Depuraci\u00f3n de Aguas","description":"VITAQUA","publisher":{"@id":"https:\/\/vitaqua.es\/#organization"},"potentialAction":[{"@type":"SearchAction","target":{"@type":"EntryPoint","urlTemplate":"https:\/\/vitaqua.es\/?s={search_term_string}"},"query-input":"required name=search_term_string"}],"inLanguage":"fr-FR"},{"@type":"ImageObject","@id":"https:\/\/vitaqua.es\/fr\/lignesdetraitement-epuration\/#primaryimage","inLanguage":"fr-FR","url":"https:\/\/vitaqua.es\/wp-content\/uploads\/2021\/11\/Referencias-Llanes-7.jpg","contentUrl":"https:\/\/vitaqua.es\/wp-content\/uploads\/2021\/11\/Referencias-Llanes-7.jpg","width":1200,"height":1200},{"@type":"WebPage","@id":"https:\/\/vitaqua.es\/fr\/lignesdetraitement-epuration\/#webpage","url":"https:\/\/vitaqua.es\/fr\/lignesdetraitement-epuration\/","name":"Lignes de traitement - epuration - VITAQUA Tratamiento y Depuraci\u00f3n de Aguas","isPartOf":{"@id":"https:\/\/vitaqua.es\/#website"},"primaryImageOfPage":{"@id":"https:\/\/vitaqua.es\/fr\/lignesdetraitement-epuration\/#primaryimage"},"datePublished":"2022-04-21T08:35:48+00:00","dateModified":"2022-04-21T08:46:02+00:00","description":"D\u00e9couvrez nos gammes de traitements de purification. Entrez et d\u00e9couvrez-les.","breadcrumb":{"@id":"https:\/\/vitaqua.es\/fr\/lignesdetraitement-epuration\/#breadcrumb"},"inLanguage":"fr-FR","potentialAction":[{"@type":"ReadAction","target":["https:\/\/vitaqua.es\/fr\/lignesdetraitement-epuration\/"]}]},{"@type":"BreadcrumbList","@id":"https:\/\/vitaqua.es\/fr\/lignesdetraitement-epuration\/#breadcrumb","itemListElement":[{"@type":"ListItem","position":1,"name":"Portada","item":"https:\/\/vitaqua.es\/fr\/"},{"@type":"ListItem","position":2,"name":"Lignes de traitement &#8211; epuration"}]}]}},"_links":{"self":[{"href":"https:\/\/vitaqua.es\/fr\/wp-json\/wp\/v2\/pages\/8814"}],"collection":[{"href":"https:\/\/vitaqua.es\/fr\/wp-json\/wp\/v2\/pages"}],"about":[{"href":"https:\/\/vitaqua.es\/fr\/wp-json\/wp\/v2\/types\/page"}],"author":[{"embeddable":true,"href":"https:\/\/vitaqua.es\/fr\/wp-json\/wp\/v2\/users\/1"}],"replies":[{"embeddable":true,"href":"https:\/\/vitaqua.es\/fr\/wp-json\/wp\/v2\/comments?post=8814"}],"version-history":[{"count":0,"href":"https:\/\/vitaqua.es\/fr\/wp-json\/wp\/v2\/pages\/8814\/revisions"}],"wp:featuredmedia":[{"embeddable":true,"href":"https:\/\/vitaqua.es\/fr\/wp-json\/wp\/v2\/media\/8472"}],"wp:attachment":[{"href":"https:\/\/vitaqua.es\/fr\/wp-json\/wp\/v2\/media?parent=8814"}],"curies":[{"name":"wp","href":"https:\/\/api.w.org\/{rel}","templated":true}]}}